{"id":1409,"date":"2013-07-05T17:52:57","date_gmt":"2013-07-05T15:52:57","guid":{"rendered":"http:\/\/galeriamnextgen.local\/?page_id=1409"},"modified":"2024-12-11T16:40:04","modified_gmt":"2024-12-11T15:40:04","slug":"about-us","status":"publish","type":"page","link":"https:\/\/galeriam.com\/en\/about-us\/","title":{"rendered":"About us"},"content":{"rendered":"\n<div class=\"wp-block-columns is-layout-flex wp-container-core-columns-is-layout-9d6595d7 wp-block-columns-is-layout-flex\">\n<div class=\"wp-block-column is-vertically-aligned-center is-layout-flow wp-block-column-is-layout-flow\" style=\"flex-basis:33.33%\">\n<div class=\"wp-block-group\"><div class=\"wp-block-group__inner-container is-layout-flow wp-block-group-is-layout-flow\">\n<div class=\"wp-block-group\"><div class=\"wp-block-group__inner-container is-layout-flow wp-block-group-is-layout-flow\">\n<h2 class=\"wp-block-heading\">Galeria M is run by&#13;\nMaria &amp; Marta Dziedziniewicz<\/h2>\n<\/div><\/div>\n<\/div><\/div>\n<\/div>\n\n\n\n<div class=\"wp-block-column is-layout-flow wp-block-column-is-layout-flow\" style=\"flex-basis:66.66%\">\n<figure class=\"wp-block-image size-large\"><img loading=\"lazy\" decoding=\"async\" width=\"1024\" height=\"683\" src=\"https:\/\/galeriam.com\/wp-content\/uploads\/2020\/11\/marta-maria-pod-galeriam-1024x683.jpg\" alt=\"\" class=\"wp-image-8161\" srcset=\"https:\/\/galeriam.com\/wp-content\/uploads\/2020\/11\/marta-maria-pod-galeriam-1024x683.jpg 1024w, https:\/\/galeriam.com\/wp-content\/uploads\/2020\/11\/marta-maria-pod-galeriam-300x200.jpg 300w, https:\/\/galeriam.com\/wp-content\/uploads\/2020\/11\/marta-maria-pod-galeriam-250x167.jpg 250w, https:\/\/galeriam.com\/wp-content\/uploads\/2020\/11\/marta-maria-pod-galeriam-768x512.jpg 768w, https:\/\/galeriam.com\/wp-content\/uploads\/2020\/11\/marta-maria-pod-galeriam-1536x1024.jpg 1536w, https:\/\/galeriam.com\/wp-content\/uploads\/2020\/11\/marta-maria-pod-galeriam-600x400.jpg 600w, https:\/\/galeriam.com\/wp-content\/uploads\/2020\/11\/marta-maria-pod-galeriam.jpg 2048w\" sizes=\"auto, (max-width: 1024px) 100vw, 1024px\" \/><\/figure>\n<\/div>\n<\/div>\n\n<div class=\"wp-block-columns are-vertically-aligned-center is-layout-flex wp-container-core-columns-is-layout-9d6595d7 wp-block-columns-is-layout-flex\">\n<div class=\"wp-block-column is-vertically-aligned-center is-layout-flow wp-block-column-is-layout-flow\" style=\"flex-basis:66.66%\">\n<figure class=\"wp-block-image size-large\"><img loading=\"lazy\" decoding=\"async\" width=\"722\" height=\"541\" src=\"https:\/\/galeriam.com\/wp-content\/uploads\/2020\/09\/onas2.jpg\" alt=\"\" class=\"wp-image-7623\" srcset=\"https:\/\/galeriam.com\/wp-content\/uploads\/2020\/09\/onas2.jpg 722w, https:\/\/galeriam.com\/wp-content\/uploads\/2020\/09\/onas2-300x225.jpg 300w, https:\/\/galeriam.com\/wp-content\/uploads\/2020\/09\/onas2-250x187.jpg 250w, https:\/\/galeriam.com\/wp-content\/uploads\/2020\/09\/onas2-600x450.jpg 600w\" sizes=\"auto, (max-width: 722px) 100vw, 722px\" \/><\/figure>\n<\/div>\n\n\n\n<div class=\"wp-block-column is-vertically-aligned-center is-layout-flow wp-block-column-is-layout-flow\" style=\"flex-basis:33.33%\">\n<h1 class=\"wp-block-heading\">About us<\/h1>\n\n\n\n<p>Galeria M has been active in the contemporary art market since 1997 in Wroc\u0142aw, Poland. We represent artists, organise exhibitions, participate in art fairs in Poland and abroad, and publish. Our main goal is to promote the work of Polish artists and show a wide spectrum of fine arts: painting, printmaking, drawing, sculpture, glass and ceramic art.<\/p>\n\n\n\n<p>Galeria M operates under the auspices of the Association of Polish Artists and Designers.<\/p>\n<\/div>\n<\/div>\n\n<div class=\"wp-block-columns is-layout-flex wp-container-core-columns-is-layout-9d6595d7 wp-block-columns-is-layout-flex\">\n<div class=\"wp-block-column is-vertically-aligned-center is-layout-flow wp-block-column-is-layout-flow\" style=\"flex-basis:33.33%\">\n<div class=\"wp-block-group\"><div class=\"wp-block-group__inner-container is-layout-flow wp-block-group-is-layout-flow\">\n<div class=\"wp-block-group\"><div class=\"wp-block-group__inner-container is-layout-flow wp-block-group-is-layout-flow\">\n<h2 class=\"wp-block-heading\">Artists<\/h2>\n<\/div><\/div>\n<\/div><\/div>\n\n\n\n<p>We work with a group of artists. Among them are established creators such as Malwina Malwina Niespodziewana, Urszula Wilk and Eugeniusz Minciel, Anka Mierzejewska, Barbara Trzybulska, Danka Jaworska, Kacper Bo\u017cek, Mirek Antoniewicz and Stanis\u0142aw and Anna Wejman, as well as interesting young artists whom we support and promote &#8211; Daria Pietryka, Helena Minginowicz, Katarzyna Adamek-Chase, Ignacy Nowodworski and Monika Cicho\u0144.<\/p>\n<\/div>\n\n\n\n<div class=\"wp-block-column is-layout-flow wp-block-column-is-layout-flow\" style=\"flex-basis:66.66%\">\n<figure class=\"wp-block-image size-large\"><img loading=\"lazy\" decoding=\"async\" width=\"1024\" height=\"683\" src=\"https:\/\/galeriam.com\/wp-content\/uploads\/2020\/11\/wernisaz-55-1024x683.jpg\" alt=\"\" class=\"wp-image-8054\" srcset=\"https:\/\/galeriam.com\/wp-content\/uploads\/2020\/11\/wernisaz-55-1024x683.jpg 1024w, https:\/\/galeriam.com\/wp-content\/uploads\/2020\/11\/wernisaz-55-300x200.jpg 300w, https:\/\/galeriam.com\/wp-content\/uploads\/2020\/11\/wernisaz-55-250x167.jpg 250w, https:\/\/galeriam.com\/wp-content\/uploads\/2020\/11\/wernisaz-55-768x512.jpg 768w, https:\/\/galeriam.com\/wp-content\/uploads\/2020\/11\/wernisaz-55-1536x1024.jpg 1536w, https:\/\/galeriam.com\/wp-content\/uploads\/2020\/11\/wernisaz-55-2048x1365.jpg 2048w, https:\/\/galeriam.com\/wp-content\/uploads\/2020\/11\/wernisaz-55-600x400.jpg 600w\" sizes=\"auto, (max-width: 1024px) 100vw, 1024px\" \/><\/figure>\n<\/div>\n<\/div>\n\n<div class=\"wp-block-columns is-layout-flex wp-container-core-columns-is-layout-9d6595d7 wp-block-columns-is-layout-flex\">\n<div class=\"wp-block-column is-layout-flow wp-block-column-is-layout-flow\">\n<h2 class=\"wp-block-heading\">Exhibitions<\/h2>\n\n\n\n<p>Galeria M does individual and group exhibitions, also themed shows. For our artists, we also organize exhibitions outside the gallery, both in Poland and abroad, including the Museum of the City of \u0141\u00f3dz, The City Museum of Wroc\u0142aw, art galleries in Frankfurt, Munich and Starnberg, Germany. Every year, we participate in the European Night of Museums.<\/p>\n<\/div>\n\n\n\n<div class=\"wp-block-column is-layout-flow wp-block-column-is-layout-flow\">\n<h2 class=\"wp-block-heading\">Art fairs<\/h2>\n\n\n\n<p>We have participated in a number of art fairs in Poland and abroad: Art Poznan, Warsaw Art Fair, IAF Warsaw, RING Art Fair in Wroclaw, Art Fair Stockholm (2002, presentation of works by Eugeniusz Get-Stankiewicz and Mirek Antoniewicz), Kunstmesse Leipzig in Leipzig, Affordable Art Fair in Amsterdam, Hamburg and Berlin, Discovery Art Fair in Cologne.<\/p>\n<\/div>\n<\/div>\n\n<figure class=\"wp-block-image size-large\"><img loading=\"lazy\" decoding=\"async\" width=\"1024\" height=\"683\" src=\"https:\/\/galeriam.com\/wp-content\/uploads\/2020\/11\/img_4095-1024x683.jpg\" alt=\"\" class=\"wp-image-8109\" srcset=\"https:\/\/galeriam.com\/wp-content\/uploads\/2020\/11\/img_4095-1024x683.jpg 1024w, https:\/\/galeriam.com\/wp-content\/uploads\/2020\/11\/img_4095-300x200.jpg 300w, https:\/\/galeriam.com\/wp-content\/uploads\/2020\/11\/img_4095-250x167.jpg 250w, https:\/\/galeriam.com\/wp-content\/uploads\/2020\/11\/img_4095-768x512.jpg 768w, https:\/\/galeriam.com\/wp-content\/uploads\/2020\/11\/img_4095-1536x1024.jpg 1536w, https:\/\/galeriam.com\/wp-content\/uploads\/2020\/11\/img_4095-2048x1365.jpg 2048w, https:\/\/galeriam.com\/wp-content\/uploads\/2020\/11\/img_4095-600x400.jpg 600w\" sizes=\"auto, (max-width: 1024px) 100vw, 1024px\" \/><\/figure>\n\n<div class=\"wp-block-columns is-layout-flex wp-container-core-columns-is-layout-9d6595d7 wp-block-columns-is-layout-flex\">\n<div class=\"wp-block-column is-layout-flow wp-block-column-is-layout-flow\">\n<h2 class=\"wp-block-heading\">Publications<\/h2>\n\n\n\n<p>We publish visual materials to promote artists we represent \u2013 catalogs, cards, invitations, calendars \u2013 in 2000 we received a distinction in the National Calendars Review VIDICAL-Wilan\u00f3w.<\/p>\n<\/div>\n\n\n\n<div class=\"wp-block-column is-layout-flow wp-block-column-is-layout-flow\">\n<h2 class=\"wp-block-heading\">\u00a0<\/h2>\n\n\n\n<p>We carry out special editions of prints on demand, for example: Przemys\u0142aw Tyszkiewicz for Auto-Bay and Galeria M &amp; Mirek Antoniewicz for Volvo Poland and for DeLaval, Tadeusz Micha\u0142 Siara for The National Labour Inspectorate.<\/p>\n<\/div>\n\n\n\n<div class=\"wp-block-column is-layout-flow wp-block-column-is-layout-flow\">\n<h2 class=\"wp-block-heading\">Special orders<\/h2>\n\n\n\n<p>We run a range of activities for individuals and business: interior design, assistance in selecting art works, handling corporate events.<\/p>\n<\/div>\n<\/div>\n\n<div class=\"wp-block-columns is-layout-flex wp-container-core-columns-is-layout-9d6595d7 wp-block-columns-is-layout-flex\">\n<div class=\"wp-block-column is-layout-flow wp-block-column-is-layout-flow\"><\/div>\n\n\n\n<div class=\"wp-block-column is-layout-flow wp-block-column-is-layout-flow\"><\/div>\n<\/div>\n","protected":false},"excerpt":{"rendered":"<p>Galeria M is run by&#13; Maria &amp; Marta Dziedziniewicz About us Galeria M has been active in the contemporary art market since 1997 in Wroc\u0142aw, [&hellip;]<\/p>\n","protected":false},"author":1,"featured_media":0,"parent":0,"menu_order":4,"comment_status":"closed","ping_status":"closed","template":"template-o-nas.php","meta":{"_acf_changed":false,"footnotes":""},"class_list":["post-1409","page","type-page","status-publish","hentry"],"acf":[],"_links":{"self":[{"href":"https:\/\/galeriam.com\/en\/wp-json\/wp\/v2\/pages\/1409","targetHints":{"allow":["GET"]}}],"collection":[{"href":"https:\/\/galeriam.com\/en\/wp-json\/wp\/v2\/pages"}],"about":[{"href":"https:\/\/galeriam.com\/en\/wp-json\/wp\/v2\/types\/page"}],"author":[{"embeddable":true,"href":"https:\/\/galeriam.com\/en\/wp-json\/wp\/v2\/users\/1"}],"replies":[{"embeddable":true,"href":"https:\/\/galeriam.com\/en\/wp-json\/wp\/v2\/comments?post=1409"}],"version-history":[{"count":4,"href":"https:\/\/galeriam.com\/en\/wp-json\/wp\/v2\/pages\/1409\/revisions"}],"predecessor-version":[{"id":31038,"href":"https:\/\/galeriam.com\/en\/wp-json\/wp\/v2\/pages\/1409\/revisions\/31038"}],"wp:attachment":[{"href":"https:\/\/galeriam.com\/en\/wp-json\/wp\/v2\/media?parent=1409"}],"curies":[{"name":"wp","href":"https:\/\/api.w.org\/{rel}","templated":true}]}}