{"id":33027,"date":"2025-05-20T13:05:09","date_gmt":"2025-05-20T11:05:09","guid":{"rendered":"https:\/\/galeriam.com\/product\/tricks-72\/"},"modified":"2026-01-06T23:33:18","modified_gmt":"2026-01-06T22:33:18","slug":"tricks-72","status":"publish","type":"product","link":"https:\/\/galeriam.com\/en\/product\/tricks-72\/","title":{"rendered":"Tricks (72)"},"content":{"rendered":"<p class=\"\" data-start=\"950\" data-end=\"1594\">Tricks \u2014small sculptures made of porcelain and\/or clay, created using a salvaged mold of a horse from the now-defunct Krzysztof Porcelain Factory in Wa\u0142brzych. Once used to produce figurines for the Swedish retail chain IKEA, the mold finds new life in Trzybulska\u2019s hands.\u00a0The porcelain factories of Lower Silesia\u2014Ksi\u0105\u017c, Krzysztof, Wa\u0142brzych, and Karolina\u2014have played a pivotal role in her artistic journey. It was within their walls, during the \u201cPorcelain Differently\u201d plein-air workshops and individual visits, that the artist learned the material, experimented, and shaped her own visual language.\u00a0Although each trick originates from the same rescued mold, every piece is treated individually, revealing a wide range of techniques, formal solutions, and Trzybulska\u2019s signature approach to ceramic expression.<\/p>\n","protected":false},"excerpt":{"rendered":"<p>Tricks \u2014small sculptures made of porcelain and\/or clay, created using a salvaged mold of a horse from the now-defunct Krzysztof Porcelain Factory in Wa\u0142brzych. Once [&hellip;]<\/p>\n","protected":false},"featured_media":32932,"template":"","meta":{"_acf_changed":false,"footnotes":""},"product_brand":[],"product_cat":[708,818],"product_tag":[],"class_list":{"0":"post-33027","1":"product","2":"type-product","3":"status-publish","4":"has-post-thumbnail","6":"product_cat-ceramic-art","7":"product_cat-sculpture","9":"first","10":"instock","11":"shipping-taxable","12":"purchasable","13":"product-type-simple"},"acf":[],"_links":{"self":[{"href":"https:\/\/galeriam.com\/en\/wp-json\/wp\/v2\/product\/33027","targetHints":{"allow":["GET"]}}],"collection":[{"href":"https:\/\/galeriam.com\/en\/wp-json\/wp\/v2\/product"}],"about":[{"href":"https:\/\/galeriam.com\/en\/wp-json\/wp\/v2\/types\/product"}],"version-history":[{"count":0,"href":"https:\/\/galeriam.com\/en\/wp-json\/wp\/v2\/product\/33027\/revisions"}],"wp:featuredmedia":[{"embeddable":true,"href":"https:\/\/galeriam.com\/en\/wp-json\/wp\/v2\/media\/32932"}],"wp:attachment":[{"href":"https:\/\/galeriam.com\/en\/wp-json\/wp\/v2\/media?parent=33027"}],"wp:term":[{"taxonomy":"product_brand","embeddable":true,"href":"https:\/\/galeriam.com\/en\/wp-json\/wp\/v2\/product_brand?post=33027"},{"taxonomy":"product_cat","embeddable":true,"href":"https:\/\/galeriam.com\/en\/wp-json\/wp\/v2\/product_cat?post=33027"},{"taxonomy":"product_tag","embeddable":true,"href":"https:\/\/galeriam.com\/en\/wp-json\/wp\/v2\/product_tag?post=33027"}],"curies":[{"name":"wp","href":"https:\/\/api.w.org\/{rel}","templated":true}]}}