{"id":36576,"date":"2026-01-22T16:53:07","date_gmt":"2026-01-22T15:54:35","guid":{"rendered":"https:\/\/galeriam.com\/product\/antelope\/"},"modified":"2026-02-21T16:54:52","modified_gmt":"2026-02-21T15:54:52","slug":"antelope","status":"publish","type":"product","link":"https:\/\/galeriam.com\/en\/product\/antelope\/","title":{"rendered":"Antelope"},"content":{"rendered":"<p>Rze\u017aba wykonana z br\u0105zu i osadzona na drewnianym postumencie.<\/p>\n<p>Wymiary wraz z postumentem: wysoko\u015b\u0107 51 cm, d\u0142ugo\u015b\u0107 86 cm, szeroko\u015b\u0107 15 cm.<\/p>\n","protected":false},"excerpt":{"rendered":"<p>Rze\u017aba wykonana z br\u0105zu i osadzona na drewnianym postumencie. Wymiary wraz z postumentem: wysoko\u015b\u0107 51 cm, d\u0142ugo\u015b\u0107 86 cm, szeroko\u015b\u0107 15 cm.<\/p>\n","protected":false},"featured_media":36571,"template":"","meta":{"_acf_changed":false,"footnotes":""},"product_brand":[],"product_cat":[818],"product_tag":[],"class_list":{"0":"post-36576","1":"product","2":"type-product","3":"status-publish","4":"has-post-thumbnail","6":"product_cat-sculpture","8":"first","9":"instock","10":"shipping-taxable","11":"purchasable","12":"product-type-simple"},"acf":[],"_links":{"self":[{"href":"https:\/\/galeriam.com\/en\/wp-json\/wp\/v2\/product\/36576","targetHints":{"allow":["GET"]}}],"collection":[{"href":"https:\/\/galeriam.com\/en\/wp-json\/wp\/v2\/product"}],"about":[{"href":"https:\/\/galeriam.com\/en\/wp-json\/wp\/v2\/types\/product"}],"version-history":[{"count":0,"href":"https:\/\/galeriam.com\/en\/wp-json\/wp\/v2\/product\/36576\/revisions"}],"wp:featuredmedia":[{"embeddable":true,"href":"https:\/\/galeriam.com\/en\/wp-json\/wp\/v2\/media\/36571"}],"wp:attachment":[{"href":"https:\/\/galeriam.com\/en\/wp-json\/wp\/v2\/media?parent=36576"}],"wp:term":[{"taxonomy":"product_brand","embeddable":true,"href":"https:\/\/galeriam.com\/en\/wp-json\/wp\/v2\/product_brand?post=36576"},{"taxonomy":"product_cat","embeddable":true,"href":"https:\/\/galeriam.com\/en\/wp-json\/wp\/v2\/product_cat?post=36576"},{"taxonomy":"product_tag","embeddable":true,"href":"https:\/\/galeriam.com\/en\/wp-json\/wp\/v2\/product_tag?post=36576"}],"curies":[{"name":"wp","href":"https:\/\/api.w.org\/{rel}","templated":true}]}}